{"id":7991,"date":"2024-02-08T09:25:18","date_gmt":"2024-02-08T08:25:18","guid":{"rendered":"https:\/\/goldevents.club\/revocation\/"},"modified":"2024-02-08T12:17:23","modified_gmt":"2024-02-08T11:17:23","slug":"revocation","status":"publish","type":"page","link":"https:\/\/goldevents.club\/el\/revocation\/","title":{"rendered":"Stornierungsbedingungen"},"content":{"rendered":"<div data-elementor-type=\"wp-page\" data-elementor-id=\"7991\" class=\"elementor elementor-7991\" data-elementor-post-type=\"page\">\n\t\t\t\t\t\t\t<div class=\"elementor-element elementor-element-be89701 e-flex e-con-boxed e-con e-parent\" data-id=\"be89701\" data-element_type=\"container\" data-settings=\"{&quot;content_width&quot;:&quot;boxed&quot;}\" data-core-v316-plus=\"true\">\n\t\t\t\t\t<div class=\"e-con-inner\">\n\t\t\t\t<div class=\"elementor-element elementor-element-72a502f elementor-widget elementor-widget-text-editor\" data-id=\"72a502f\" data-element_type=\"widget\" data-widget_type=\"text-editor.default\">\n\t\t\t\t<div class=\"elementor-widget-container\">\n\t\t\t<style>\/*! elementor - v3.16.0 - 14-09-2023 *\/\n.elementor-widget-text-editor.elementor-drop-cap-view-stacked .elementor-drop-cap{background-color:#69727d;color:#fff}.elementor-widget-text-editor.elementor-drop-cap-view-framed .elementor-drop-cap{color:#69727d;border:3px solid;background-color:transparent}.elementor-widget-text-editor:not(.elementor-drop-cap-view-default) .elementor-drop-cap{margin-top:8px}.elementor-widget-text-editor:not(.elementor-drop-cap-view-default) .elementor-drop-cap-letter{width:1em;height:1em}.elementor-widget-text-editor .elementor-drop-cap{float:left;text-align:center;line-height:1;font-size:50px}.elementor-widget-text-editor .elementor-drop-cap-letter{display:inline-block}<\/style>\t\t\t\t<p><span style=\"color: #ffffff;\">\u0397 \u03b5\u03c0\u03b9\u03c3\u03c4\u03c1\u03bf\u03c6\u03ae \u03c4\u03c9\u03bd \u03b5\u03b9\u03c3\u03b9\u03c4\u03b7\u03c1\u03af\u03c9\u03bd \u03b4\u03b5\u03bd \u03b5\u03af\u03bd\u03b1\u03b9 \u03b4\u03c5\u03bd\u03b1\u03c4\u03ae.<\/span><\/p><p>\u00a0<\/p><p><span style=\"color: #ffffff;\">\u0394\u03c5\u03c3\u03c4\u03c5\u03c7\u03ce\u03c2, \u03b4\u03b5\u03bd \u03b5\u03af\u03bd\u03b1\u03b9 \u03b4\u03c5\u03bd\u03b1\u03c4\u03ae \u03b7 \u03b1\u03ba\u03cd\u03c1\u03c9\u03c3\u03b7 \u03c4\u03b7\u03c2 \u03c0\u03b1\u03c1\u03b1\u03b3\u03b3\u03b5\u03bb\u03af\u03b1\u03c2 \u03c4\u03bf\u03c5 \u03b5\u03b9\u03c3\u03b9\u03c4\u03b7\u03c1\u03af\u03bf\u03c5 \u03c3\u03b1\u03c2.<\/span><\/p><p>\u00a0<\/p><p><span style=\"color: #ffffff;\">\u039a\u03ac\u03b8\u03b5 \u03c0\u03b1\u03c1\u03b1\u03b3\u03b3\u03b5\u03bb\u03af\u03b1 \u03b3\u03b9\u03b1 \u03b5\u03b9\u03c3\u03b9\u03c4\u03ae\u03c1\u03b9\u03b1 \u03b5\u03b9\u03c3\u03cc\u03b4\u03bf\u03c5 \u03b5\u03af\u03bd\u03b1\u03b9 \u03b4\u03b5\u03c3\u03bc\u03b5\u03c5\u03c4\u03b9\u03ba\u03ae \u03ba\u03b1\u03b9 \u03b1\u03c0\u03b1\u03b9\u03c4\u03b5\u03af \u03b1\u03c0\u03cc \u03b5\u03c3\u03ac\u03c2 \u03bd\u03b1 \u03b1\u03c0\u03bf\u03b4\u03b5\u03c7\u03c4\u03b5\u03af\u03c4\u03b5 \u03ba\u03b1\u03b9 \u03bd\u03b1 \u03c0\u03bb\u03b7\u03c1\u03ce\u03c3\u03b5\u03c4\u03b5 \u03b3\u03b9\u03b1 \u03c4\u03b1 \u03c0\u03b1\u03c1\u03b1\u03b3\u03b3\u03b5\u03bb\u03b8\u03ad\u03bd\u03c4\u03b1 \u03b5\u03b9\u03c3\u03b9\u03c4\u03ae\u03c1\u03b9\u03b1. \u0395\u03ac\u03bd \u03b4\u03b5\u03bd \u03c7\u03c1\u03b5\u03b9\u03ac\u03b6\u03b5\u03c3\u03c4\u03b5 \u03c0\u03bb\u03ad\u03bf\u03bd \u03c4\u03b1 \u03b5\u03b9\u03c3\u03b9\u03c4\u03ae\u03c1\u03b9\u03b1 \u03c0\u03bf\u03c5 \u03ad\u03c7\u03b5\u03c4\u03b5 \u03ae\u03b4\u03b7 \u03b1\u03b3\u03bf\u03c1\u03ac\u03c3\u03b5\u03b9, \u03bc\u03c0\u03bf\u03c1\u03b5\u03af\u03c4\u03b5 \u03c6\u03c5\u03c3\u03b9\u03ba\u03ac \u03bd\u03b1 \u03c4\u03b1 \u03bc\u03b5\u03c4\u03b1\u03c0\u03c9\u03bb\u03ae\u03c3\u03b5\u03c4\u03b5 \u03c3\u03c4\u03bf\u03bd \u03ba\u03cd\u03ba\u03bb\u03bf \u03c6\u03af\u03bb\u03c9\u03bd \u03c3\u03b1\u03c2, \u03b3\u03b9\u03b1 \u03c0\u03b1\u03c1\u03ac\u03b4\u03b5\u03b9\u03b3\u03bc\u03b1.<\/span><\/p><p>\u00a0<\/p><p><span style=\"color: #ffffff;\">\u039b\u03ac\u03b2\u03b5\u03c4\u03b5 \u03c5\u03c0\u03cc\u03c8\u03b7 \u03cc\u03c4\u03b9 \u03c4\u03b1 \u03b5\u03b9\u03c3\u03b9\u03c4\u03ae\u03c1\u03b9\u03b1 \u03b3\u03b9\u03b1 \u03bc\u03b9\u03b1 \u03b8\u03ad\u03c3\u03b7\/\u03c4\u03c1\u03b1\u03c0\u03ad\u03b6\u03b9 \u03b4\u03b5\u03bd \u03bc\u03c0\u03bf\u03c1\u03bf\u03cd\u03bd \u03bd\u03b1 \u03c0\u03c9\u03bb\u03b7\u03b8\u03bf\u03cd\u03bd \u03bc\u03b5\u03bc\u03bf\u03bd\u03c9\u03bc\u03ad\u03bd\u03b1, \u03b1\u03bb\u03bb\u03ac \u03c3\u03c5\u03bd\u03bf\u03bb\u03b9\u03ba\u03ac. (\u03cc\u03bb\u03b7 \u03b7 \u03c0\u03b1\u03c1\u03b1\u03b3\u03b3\u03b5\u03bb\u03af\u03b1)<\/span><\/p><p><span style=\"color: #ffffff;\">\u0395\u03bd\u03b1\u03bb\u03bb\u03b1\u03ba\u03c4\u03b9\u03ba\u03ac, \u03c5\u03c0\u03ac\u03c1\u03c7\u03b5\u03b9 \u03ad\u03bd\u03b1\u03c2 \u03b1\u03c0\u03bb\u03cc\u03c2 \u03ba\u03b1\u03b9 \u03bc\u03b7 \u03c0\u03b5\u03c1\u03af\u03c0\u03bb\u03bf\u03ba\u03bf\u03c2 \u03c4\u03c1\u03cc\u03c0\u03bf\u03c2 \u03bd\u03b1 \u03c0\u03c1\u03bf\u03c3\u03c6\u03ad\u03c1\u03b5\u03c4\u03b5 \u03b1\u03c5\u03c4\u03ac \u03c4\u03b1 \u03b5\u03b9\u03c3\u03b9\u03c4\u03ae\u03c1\u03b9\u03b1 \u03c0\u03c1\u03bf\u03c2 \u03c0\u03ce\u03bb\u03b7\u03c3\u03b7 \u03c3\u03b5 \u03bc\u03b5\u03b3\u03ac\u03bb\u03bf \u03b1\u03c1\u03b9\u03b8\u03bc\u03cc \u03b5\u03bd\u03b4\u03b9\u03b1\u03c6\u03b5\u03c1\u03bf\u03bc\u03ad\u03bd\u03c9\u03bd: \u039c\u03c0\u03bf\u03c1\u03b5\u03af\u03c4\u03b5 \u03b5\u03cd\u03ba\u03bf\u03bb\u03b1 \u03bd\u03b1 \u03ba\u03b1\u03c4\u03b1\u03c7\u03c9\u03c1\u03ae\u03c3\u03b5\u03c4\u03b5 \u03c4\u03b1 \u03b5\u03b9\u03c3\u03b9\u03c4\u03ae\u03c1\u03b9\u03ac \u03c3\u03b1\u03c2 \u03c3\u03c4\u03bf www.fansale.de \u03ba\u03b1\u03b9 \u03bd\u03b1 \u03c4\u03b1 \u03c0\u03bf\u03c5\u03bb\u03ae\u03c3\u03b5\u03c4\u03b5 \u03c3\u03b5 \u03c3\u03c4\u03b1\u03b8\u03b5\u03c1\u03ae \u03c4\u03b9\u03bc\u03ae \u03ae \u03c9\u03c2 \u03b4\u03b7\u03bc\u03bf\u03c0\u03c1\u03b1\u03c3\u03af\u03b1.<\/span><\/p>\t\t\t\t\t\t<\/div>\n\t\t\t\t<\/div>\n\t\t\t\t\t<\/div>\n\t\t\t\t<\/div>\n\t\t\t\t\t\t\t<\/div>","protected":false},"excerpt":{"rendered":"<p>Die R\u00fcckgabe von Eintrittskarten ist ausgeschlossen. \u00a0 Ein Widerruf deiner Ticketbestellung ist leider nicht m\u00f6glich. \u00a0 Jede Bestellung von Eintrittskarten ist bindend und verpflichtet zur Abnahme und Bezahlung der bestellten Karten. Wenn du bereits gekaufte Tickets nicht mehr ben\u00f6tigst, kannst du diese nat\u00fcrlich gerne z.B. in deinem Bekanntenkreis weiterver\u00e4u\u00dfern. \u00a0 Es ist dabei zu beachten, [&hellip;]<\/p>","protected":false},"author":1,"featured_media":0,"parent":0,"menu_order":0,"comment_status":"closed","ping_status":"closed","template":"","meta":{"footnotes":""},"class_list":["post-7991","page","type-page","status-publish","hentry"],"yoast_head":"<!-- This site is optimized with the Yoast SEO plugin v27.2 - https:\/\/yoast.com\/product\/yoast-seo-wordpress\/ -->\n<title>Stornierungsbedingungen - Goldevents - Live Events in Stuttgart<\/title>\n<meta name=\"robots\" content=\"index, follow, max-snippet:-1, max-image-preview:large, max-video-preview:-1\" \/>\n<link rel=\"canonical\" href=\"https:\/\/goldevents.club\/el\/revocation\/\" \/>\n<meta property=\"og:locale\" content=\"el_GR\" \/>\n<meta property=\"og:type\" content=\"article\" \/>\n<meta property=\"og:title\" content=\"Stornierungsbedingungen - Goldevents - Live Events in Stuttgart\" \/>\n<meta property=\"og:description\" content=\"Die R\u00fcckgabe von Eintrittskarten ist ausgeschlossen. \u00a0 Ein Widerruf deiner Ticketbestellung ist leider nicht m\u00f6glich. \u00a0 Jede Bestellung von Eintrittskarten ist bindend und verpflichtet zur Abnahme und Bezahlung der bestellten Karten. Wenn du bereits gekaufte Tickets nicht mehr ben\u00f6tigst, kannst du diese nat\u00fcrlich gerne z.B. in deinem Bekanntenkreis weiterver\u00e4u\u00dfern. \u00a0 Es ist dabei zu beachten, [&hellip;]\" \/>\n<meta property=\"og:url\" content=\"https:\/\/goldevents.club\/el\/revocation\/\" \/>\n<meta property=\"og:site_name\" content=\"Goldevents - Live Events in Stuttgart\" \/>\n<meta property=\"article:modified_time\" content=\"2024-02-08T11:17:23+00:00\" \/>\n<meta name=\"twitter:card\" content=\"summary_large_image\" \/>\n<meta name=\"twitter:label1\" content=\"\u0395\u03ba\u03c4\u03b9\u03bc\u03ce\u03bc\u03b5\u03bd\u03bf\u03c2 \u03c7\u03c1\u03cc\u03bd\u03bf\u03c2 \u03b1\u03bd\u03ac\u03b3\u03bd\u03c9\u03c3\u03b7\u03c2\" \/>\n\t<meta name=\"twitter:data1\" content=\"1 \u03bb\u03b5\u03c0\u03c4\u03cc\" \/>\n<script type=\"application\/ld+json\" class=\"yoast-schema-graph\">{\"@context\":\"https:\/\/schema.org\",\"@graph\":[{\"@type\":\"WebPage\",\"@id\":\"https:\/\/goldevents.club\/revocation\/\",\"url\":\"https:\/\/goldevents.club\/revocation\/\",\"name\":\"Stornierungsbedingungen - Goldevents - Live Events in Stuttgart\",\"isPartOf\":{\"@id\":\"https:\/\/goldevents.club\/#website\"},\"datePublished\":\"2024-02-08T08:25:18+00:00\",\"dateModified\":\"2024-02-08T11:17:23+00:00\",\"breadcrumb\":{\"@id\":\"https:\/\/goldevents.club\/revocation\/#breadcrumb\"},\"inLanguage\":\"el\",\"potentialAction\":[{\"@type\":\"ReadAction\",\"target\":[\"https:\/\/goldevents.club\/revocation\/\"]}]},{\"@type\":\"BreadcrumbList\",\"@id\":\"https:\/\/goldevents.club\/revocation\/#breadcrumb\",\"itemListElement\":[{\"@type\":\"ListItem\",\"position\":1,\"name\":\"\u0391\u03c1\u03c7\u03b9\u03ba\u03ae\",\"item\":\"https:\/\/goldevents.club\/\"},{\"@type\":\"ListItem\",\"position\":2,\"name\":\"Stornierungsbedingungen\"}]},{\"@type\":\"WebSite\",\"@id\":\"https:\/\/goldevents.club\/#website\",\"url\":\"https:\/\/goldevents.club\/\",\"name\":\"Goldevents - Live Events in Stuttgart\",\"description\":\"\",\"publisher\":{\"@id\":\"https:\/\/goldevents.club\/#organization\"},\"potentialAction\":[{\"@type\":\"SearchAction\",\"target\":{\"@type\":\"EntryPoint\",\"urlTemplate\":\"https:\/\/goldevents.club\/?s={search_term_string}\"},\"query-input\":{\"@type\":\"PropertyValueSpecification\",\"valueRequired\":true,\"valueName\":\"search_term_string\"}}],\"inLanguage\":\"el\"},{\"@type\":\"Organization\",\"@id\":\"https:\/\/goldevents.club\/#organization\",\"name\":\"Goldevents - Live Events in Stuttgart\",\"url\":\"https:\/\/goldevents.club\/\",\"logo\":{\"@type\":\"ImageObject\",\"inLanguage\":\"el\",\"@id\":\"https:\/\/goldevents.club\/#\/schema\/logo\/image\/\",\"url\":\"https:\/\/goldevents.club\/wp-content\/uploads\/2024\/01\/logo-header.jpg\",\"contentUrl\":\"https:\/\/goldevents.club\/wp-content\/uploads\/2024\/01\/logo-header.jpg\",\"width\":1024,\"height\":363,\"caption\":\"Goldevents - Live Events in Stuttgart\"},\"image\":{\"@id\":\"https:\/\/goldevents.club\/#\/schema\/logo\/image\/\"}}]}<\/script>\n<!-- \/ Yoast SEO plugin. -->","yoast_head_json":{"title":"Stornierungsbedingungen - Goldevents - Live Events in Stuttgart","robots":{"index":"index","follow":"follow","max-snippet":"max-snippet:-1","max-image-preview":"max-image-preview:large","max-video-preview":"max-video-preview:-1"},"canonical":"https:\/\/goldevents.club\/el\/revocation\/","og_locale":"el_GR","og_type":"article","og_title":"Stornierungsbedingungen - Goldevents - Live Events in Stuttgart","og_description":"Die R\u00fcckgabe von Eintrittskarten ist ausgeschlossen. \u00a0 Ein Widerruf deiner Ticketbestellung ist leider nicht m\u00f6glich. \u00a0 Jede Bestellung von Eintrittskarten ist bindend und verpflichtet zur Abnahme und Bezahlung der bestellten Karten. Wenn du bereits gekaufte Tickets nicht mehr ben\u00f6tigst, kannst du diese nat\u00fcrlich gerne z.B. in deinem Bekanntenkreis weiterver\u00e4u\u00dfern. \u00a0 Es ist dabei zu beachten, [&hellip;]","og_url":"https:\/\/goldevents.club\/el\/revocation\/","og_site_name":"Goldevents - Live Events in Stuttgart","article_modified_time":"2024-02-08T11:17:23+00:00","twitter_card":"summary_large_image","twitter_misc":{"\u0395\u03ba\u03c4\u03b9\u03bc\u03ce\u03bc\u03b5\u03bd\u03bf\u03c2 \u03c7\u03c1\u03cc\u03bd\u03bf\u03c2 \u03b1\u03bd\u03ac\u03b3\u03bd\u03c9\u03c3\u03b7\u03c2":"1 \u03bb\u03b5\u03c0\u03c4\u03cc"},"schema":{"@context":"https:\/\/schema.org","@graph":[{"@type":"WebPage","@id":"https:\/\/goldevents.club\/revocation\/","url":"https:\/\/goldevents.club\/revocation\/","name":"Stornierungsbedingungen - Goldevents - Live Events in Stuttgart","isPartOf":{"@id":"https:\/\/goldevents.club\/#website"},"datePublished":"2024-02-08T08:25:18+00:00","dateModified":"2024-02-08T11:17:23+00:00","breadcrumb":{"@id":"https:\/\/goldevents.club\/revocation\/#breadcrumb"},"inLanguage":"el","potentialAction":[{"@type":"ReadAction","target":["https:\/\/goldevents.club\/revocation\/"]}]},{"@type":"BreadcrumbList","@id":"https:\/\/goldevents.club\/revocation\/#breadcrumb","itemListElement":[{"@type":"ListItem","position":1,"name":"\u0391\u03c1\u03c7\u03b9\u03ba\u03ae","item":"https:\/\/goldevents.club\/"},{"@type":"ListItem","position":2,"name":"Stornierungsbedingungen"}]},{"@type":"WebSite","@id":"https:\/\/goldevents.club\/#website","url":"https:\/\/goldevents.club\/","name":"Goldevents - Live Events in Stuttgart","description":"","publisher":{"@id":"https:\/\/goldevents.club\/#organization"},"potentialAction":[{"@type":"SearchAction","target":{"@type":"EntryPoint","urlTemplate":"https:\/\/goldevents.club\/?s={search_term_string}"},"query-input":{"@type":"PropertyValueSpecification","valueRequired":true,"valueName":"search_term_string"}}],"inLanguage":"el"},{"@type":"Organization","@id":"https:\/\/goldevents.club\/#organization","name":"Goldevents - Live Events in Stuttgart","url":"https:\/\/goldevents.club\/","logo":{"@type":"ImageObject","inLanguage":"el","@id":"https:\/\/goldevents.club\/#\/schema\/logo\/image\/","url":"https:\/\/goldevents.club\/wp-content\/uploads\/2024\/01\/logo-header.jpg","contentUrl":"https:\/\/goldevents.club\/wp-content\/uploads\/2024\/01\/logo-header.jpg","width":1024,"height":363,"caption":"Goldevents - Live Events in Stuttgart"},"image":{"@id":"https:\/\/goldevents.club\/#\/schema\/logo\/image\/"}}]}},"_links":{"self":[{"href":"https:\/\/goldevents.club\/el\/wp-json\/wp\/v2\/pages\/7991","targetHints":{"allow":["GET"]}}],"collection":[{"href":"https:\/\/goldevents.club\/el\/wp-json\/wp\/v2\/pages"}],"about":[{"href":"https:\/\/goldevents.club\/el\/wp-json\/wp\/v2\/types\/page"}],"author":[{"embeddable":true,"href":"https:\/\/goldevents.club\/el\/wp-json\/wp\/v2\/users\/1"}],"replies":[{"embeddable":true,"href":"https:\/\/goldevents.club\/el\/wp-json\/wp\/v2\/comments?post=7991"}],"version-history":[{"count":22,"href":"https:\/\/goldevents.club\/el\/wp-json\/wp\/v2\/pages\/7991\/revisions"}],"predecessor-version":[{"id":8019,"href":"https:\/\/goldevents.club\/el\/wp-json\/wp\/v2\/pages\/7991\/revisions\/8019"}],"wp:attachment":[{"href":"https:\/\/goldevents.club\/el\/wp-json\/wp\/v2\/media?parent=7991"}],"curies":[{"name":"wp","href":"https:\/\/api.w.org\/{rel}","templated":true}]}}